{"id":94,"date":"2024-04-12T08:12:18","date_gmt":"2024-04-12T08:12:18","guid":{"rendered":"https:\/\/uniqnet.hu\/new\/?page_id=94"},"modified":"2024-04-12T16:41:47","modified_gmt":"2024-04-12T16:41:47","slug":"hardver-ertekesites","status":"publish","type":"page","link":"https:\/\/uniqnet.hu\/new\/hardver-ertekesites\/","title":{"rendered":"Hardver \u00e9rt\u00e9kes\u00edt\u00e9s"},"content":{"rendered":"<h1><span style=\"color: #800000;\"><em><strong>HARDVER \u00c9RT\u00c9KES\u00cdT\u00c9S<\/strong><\/em><\/span><\/h1>\n<p><img loading=\"lazy\" decoding=\"async\" class=\"alignright wp-image-239 size-medium\" style=\"font-family: tahoma, arial, helvetica, sans-serif; font-size: 18.6667px;\" src=\"https:\/\/uniqnet.hu\/new\/wp-content\/uploads\/2024\/04\/hp-300x225.png\" alt=\"\" width=\"300\" height=\"225\" srcset=\"https:\/\/uniqnet.hu\/new\/wp-content\/uploads\/2024\/04\/hp-300x225.png 300w, https:\/\/uniqnet.hu\/new\/wp-content\/uploads\/2024\/04\/hp-768x576.png 768w, https:\/\/uniqnet.hu\/new\/wp-content\/uploads\/2024\/04\/hp.png 800w\" sizes=\"auto, (max-width: 300px) 100vw, 300px\" \/><\/p>\n<p>&nbsp;<\/p>\n<p><span style=\"font-size: 14pt; font-family: tahoma, arial, helvetica, sans-serif; color: #000000;\">C\u00e9g\u00fcnk kiemelten foglalkozik:<\/span><\/p>\n<ul>\n<li><span style=\"font-size: 14pt; font-family: tahoma, arial, helvetica, sans-serif;\"> notebook,<\/span><\/li>\n<li><span style=\"font-size: 14pt; font-family: tahoma, arial, helvetica, sans-serif;\">komplett asztali sz\u00e1m\u00edt\u00f3g\u00e9p,<\/span><\/li>\n<li><span style=\"font-size: 14pt;\">monitor, <\/span><\/li>\n<li><span style=\"font-size: 14pt;\">nyomtat\u00f3 \u00e9rt\u00e9kes\u00edt\u00e9s\u00e9vel.<\/span><\/li>\n<\/ul>\n<p><span style=\"color: #000000;\"><span style=\"font-family: tahoma, arial, helvetica, sans-serif; font-size: 14pt;\">A notebookokra 2 \u00e9v, m\u00edg az asztali sz\u00e1m\u00edt\u00f3g\u00e9pekre \u00e9s a monitorokra<\/span><span style=\"font-family: tahoma, arial, helvetica, sans-serif; font-size: 14pt;\">\u00a03 \u00e9v garanci\u00e1t v\u00e1llalunk.<\/span><\/span><\/p>\n<p><em><span style=\"font-size: 14pt; font-family: tahoma, arial, helvetica, sans-serif; color: #000000;\">Kiz\u00e1r\u00f3lag megrendel\u00e9sre sz\u00e1ll\u00edtunk!<\/span><\/em><\/p>\n<p>&nbsp;<\/p>\n","protected":false},"excerpt":{"rendered":"<p>HARDVER \u00c9RT\u00c9KES\u00cdT\u00c9S &nbsp; C\u00e9g\u00fcnk kiemelten foglalkozik: notebook, komplett asztali sz\u00e1m\u00edt\u00f3g\u00e9p, monitor, nyomtat\u00f3 \u00e9rt\u00e9kes\u00edt\u00e9s\u00e9vel. A notebookokra 2 \u00e9v, m\u00edg az asztali sz\u00e1m\u00edt\u00f3g\u00e9pekre \u00e9s a monitorokra\u00a03 \u00e9v garanci\u00e1t v\u00e1llalunk. Kiz\u00e1r\u00f3lag megrendel\u00e9sre sz\u00e1ll\u00edtunk! &nbsp;<\/p>\n","protected":false},"author":1,"featured_media":0,"parent":0,"menu_order":0,"comment_status":"closed","ping_status":"closed","template":"","meta":{"footnotes":""},"class_list":["post-94","page","type-page","status-publish","hentry"],"_links":{"self":[{"href":"https:\/\/uniqnet.hu\/new\/wp-json\/wp\/v2\/pages\/94","targetHints":{"allow":["GET"]}}],"collection":[{"href":"https:\/\/uniqnet.hu\/new\/wp-json\/wp\/v2\/pages"}],"about":[{"href":"https:\/\/uniqnet.hu\/new\/wp-json\/wp\/v2\/types\/page"}],"author":[{"embeddable":true,"href":"https:\/\/uniqnet.hu\/new\/wp-json\/wp\/v2\/users\/1"}],"replies":[{"embeddable":true,"href":"https:\/\/uniqnet.hu\/new\/wp-json\/wp\/v2\/comments?post=94"}],"version-history":[{"count":6,"href":"https:\/\/uniqnet.hu\/new\/wp-json\/wp\/v2\/pages\/94\/revisions"}],"predecessor-version":[{"id":242,"href":"https:\/\/uniqnet.hu\/new\/wp-json\/wp\/v2\/pages\/94\/revisions\/242"}],"wp:attachment":[{"href":"https:\/\/uniqnet.hu\/new\/wp-json\/wp\/v2\/media?parent=94"}],"curies":[{"name":"wp","href":"https:\/\/api.w.org\/{rel}","templated":true}]}}