{"id":91,"date":"2024-04-12T08:11:55","date_gmt":"2024-04-12T08:11:55","guid":{"rendered":"https:\/\/uniqnet.hu\/new\/?page_id=91"},"modified":"2024-04-15T16:44:34","modified_gmt":"2024-04-15T16:44:34","slug":"cegunkrol","status":"publish","type":"page","link":"https:\/\/uniqnet.hu\/new\/cegunkrol\/","title":{"rendered":"C\u00e9g\u00fcnkr\u0151l"},"content":{"rendered":"<h1><em><strong><span style=\"color: #800000;\">C\u00c9G\u00dcNKR\u0150L<\/span><\/strong><\/em><\/h1>\n<p style=\"font-weight: 400;\"><span style=\"font-family: tahoma, arial, helvetica, sans-serif; font-size: 12pt; color: #000000;\">C\u00e9g\u00fcnk 2010-ben alakult. B\u00e1r nem jogut\u00f3dja, de mindenk\u00e9ppen szakmai \u00f6r\u00f6k\u00f6se a 2000 \u2013 2010-ig m\u0171k\u00f6d\u0151 Studi-Soft Oktat\u00f3 \u00e9s Sz\u00e1m\u00edt\u00e1stechnikai Bt-nek.<\/span><\/p>\n<p><span style=\"font-family: tahoma, arial, helvetica, sans-serif; font-size: 12pt; color: #000000;\"><img loading=\"lazy\" decoding=\"async\" class=\"size-full wp-image-41 alignleft\" src=\"https:\/\/uniqnet.hu\/new\/wp-content\/uploads\/2024\/04\/uniqnet.jpg\" alt=\"\" width=\"106\" height=\"133\" \/><\/span><\/p>\n<p style=\"font-weight: 400;\"><span style=\"font-family: tahoma, arial, helvetica, sans-serif; font-size: 12pt; color: #000000;\">F\u0151 tev\u00e9kenys\u00e9gi k\u00f6r\u00fcnk az informatikai rendszerek helysz\u00edni \u00e9s t\u00e1vfel\u00fcgyelete. Az eg\u00e9szen kicsi, 2-3 g\u00e9pes \u00fcgyfeleken k\u00edv\u00fcl 100 g\u00e9pes bonyolult topol\u00f3gi\u00e1j\u00fa h\u00e1l\u00f3zatokat is fel\u00fcgyel\u00fcnk.<\/span><\/p>\n<p style=\"font-weight: 400;\"><span style=\"font-family: tahoma, arial, helvetica, sans-serif; font-size: 12pt; color: #000000;\">Az Uniq Net Kft. min\u0151s\u00e9g- \u00e9s \u00fczletpolitik\u00e1j\u00e1nak k\u00f6z\u00e9ppontj\u00e1ban a vev\u0151 teljes k\u00f6r\u0171 megel\u00e9gedetts\u00e9g\u00e9re val\u00f3 t\u00f6rekv\u00e9s \u00e1ll. Ennek \u00e9rdek\u00e9ben a c\u00e9g folyamatosan fejleszti komplex szolg\u00e1ltat\u00e1sainak min\u0151s\u00e9g\u00e9t, megb\u00edzhat\u00f3s\u00e1g\u00e1t \u00e9s v\u00e1laszt\u00e9k\u00e1t.<\/span><\/p>\n<p style=\"font-weight: 400;\"><span style=\"font-family: tahoma, arial, helvetica, sans-serif; font-size: 12pt; color: #000000;\">Ennek megfelel\u0151en foglalkozunk inform\u00e1ci\u00f3s rendszerek, h\u00e1l\u00f3zatok kialak\u00edt\u00e1s\u00e1val, informatikai eszk\u00f6z\u00f6k szervizel\u00e9s\u00e9vel, valamint ezek \u00e9s egy\u00e9b irodai kell\u00e9kanyagok kereskedelm\u00e9vel.<\/span><\/p>\n<p style=\"font-weight: 400;\"><span style=\"font-family: tahoma, arial, helvetica, sans-serif; font-size: 12pt; color: #000000;\">A c\u00e9g 100%-os magyar tulajdonban \u00e1ll, k\u00f6ztartoz\u00e1sai nincsenek \u00e9s semmilyen jelleg\u0171 elj\u00e1r\u00e1s nem folyt \u00e9s nem folyik ellene.<\/span><\/p>\n<hr \/>\n<h5 style=\"font-weight: 400;\"><span style=\"font-family: tahoma, arial, helvetica, sans-serif; font-size: 12pt; color: #800000;\"><strong>K\u00f6z\u00e9rdek\u0171 adatok:<\/strong><\/span><\/h5>\n<p style=\"font-weight: 400;\"><span style=\"font-size: 12pt; font-family: arial, helvetica, sans-serif; color: #000000;\"><strong>N\u00e9v:<\/strong>\u00a0Uniq Net Informatikai Kft.<\/span><br \/>\n<span style=\"font-size: 12pt; font-family: arial, helvetica, sans-serif; color: #000000;\"><strong>Telephely, levelez\u00e9s:<\/strong>\u00a09025 Gy\u0151r, T\u00f6lt\u00e9s u. 11\/a<\/span><br \/>\n<span style=\"font-size: 12pt; font-family: arial, helvetica, sans-serif; color: #000000;\"><strong>Ad\u00f3sz\u00e1m:<\/strong>11729282-2-08<\/span><br \/>\n<span style=\"font-size: 12pt; font-family: arial, helvetica, sans-serif; color: #000000;\"><strong>C\u00e9gjegyz\u00e9ksz\u00e1m:<\/strong>\u00a008-09-019319<\/span><br \/>\n<span style=\"font-size: 12pt; font-family: arial, helvetica, sans-serif; color: #000000;\"><strong>Sz\u00e1mlasz\u00e1m: <\/strong>Raiffeisen Bank 12096712-01314864-00100006<\/span><br \/>\n<span style=\"font-size: 12pt; font-family: arial, helvetica, sans-serif; color: #000000;\"><strong>Mobil:<\/strong>\u00a030 9791190<\/span><\/p>\n<p style=\"font-weight: 400;\">\n","protected":false},"excerpt":{"rendered":"<p>C\u00c9G\u00dcNKR\u0150L C\u00e9g\u00fcnk 2010-ben alakult. B\u00e1r nem jogut\u00f3dja, de mindenk\u00e9ppen szakmai \u00f6r\u00f6k\u00f6se a 2000 \u2013 2010-ig m\u0171k\u00f6d\u0151 Studi-Soft Oktat\u00f3 \u00e9s Sz\u00e1m\u00edt\u00e1stechnikai Bt-nek. F\u0151 tev\u00e9kenys\u00e9gi k\u00f6r\u00fcnk az informatikai rendszerek helysz\u00edni \u00e9s t\u00e1vfel\u00fcgyelete. Az eg\u00e9szen kicsi, 2-3 g\u00e9pes \u00fcgyfeleken k\u00edv\u00fcl 100 g\u00e9pes bonyolult topol\u00f3gi\u00e1j\u00fa h\u00e1l\u00f3zatokat is fel\u00fcgyel\u00fcnk. Az Uniq Net Kft. min\u0151s\u00e9g- \u00e9s \u00fczletpolitik\u00e1j\u00e1nak k\u00f6z\u00e9ppontj\u00e1ban a vev\u0151 teljes [&hellip;]<\/p>\n","protected":false},"author":1,"featured_media":0,"parent":0,"menu_order":0,"comment_status":"closed","ping_status":"closed","template":"","meta":{"footnotes":""},"class_list":["post-91","page","type-page","status-publish","hentry"],"_links":{"self":[{"href":"https:\/\/uniqnet.hu\/new\/wp-json\/wp\/v2\/pages\/91","targetHints":{"allow":["GET"]}}],"collection":[{"href":"https:\/\/uniqnet.hu\/new\/wp-json\/wp\/v2\/pages"}],"about":[{"href":"https:\/\/uniqnet.hu\/new\/wp-json\/wp\/v2\/types\/page"}],"author":[{"embeddable":true,"href":"https:\/\/uniqnet.hu\/new\/wp-json\/wp\/v2\/users\/1"}],"replies":[{"embeddable":true,"href":"https:\/\/uniqnet.hu\/new\/wp-json\/wp\/v2\/comments?post=91"}],"version-history":[{"count":13,"href":"https:\/\/uniqnet.hu\/new\/wp-json\/wp\/v2\/pages\/91\/revisions"}],"predecessor-version":[{"id":323,"href":"https:\/\/uniqnet.hu\/new\/wp-json\/wp\/v2\/pages\/91\/revisions\/323"}],"wp:attachment":[{"href":"https:\/\/uniqnet.hu\/new\/wp-json\/wp\/v2\/media?parent=91"}],"curies":[{"name":"wp","href":"https:\/\/api.w.org\/{rel}","templated":true}]}}