{"id":88,"date":"2024-04-12T08:11:32","date_gmt":"2024-04-12T08:11:32","guid":{"rendered":"https:\/\/uniqnet.hu\/new\/?page_id=88"},"modified":"2025-10-07T06:23:31","modified_gmt":"2025-10-07T06:23:31","slug":"cimlap","status":"publish","type":"page","link":"https:\/\/uniqnet.hu\/new\/","title":{"rendered":"C\u00edmlap"},"content":{"rendered":"<h1 style=\"text-align: center;\"><span style=\"color: #800000; word-wrap: break-word;\"><strong>\u00a0<\/strong><em><strong>KAMERARENDSZEREK\u00a0<\/strong><\/em><em><strong>TELEP\u00cdT\u00c9SE, \u00dcZEMELTET\u00c9SE<\/strong><\/em><\/span><\/h1>\n<p style=\"text-align: center;\"><span style=\"color: #000000;\">A kamerak\u00e9pek bejelentkez\u00e9s\u00e9hez megtekint\u00e9s\u00e9hez kattintson a kamera k\u00e9p\u00e9re!<\/span><\/p>\n<p style=\"padding-left: 100px;\"><a href=\"http:\/\/194.149.40.90:10000\" target=\"_blank\" rel=\"noopener\"><span style=\"font-family: helvetica, arial, sans-serif;\"><strong><em><img loading=\"lazy\" decoding=\"async\" class=\"size-full wp-image-53 alignleft\" src=\"https:\/\/uniqnet.hu\/new\/wp-content\/uploads\/2024\/04\/kamera-e1712912769783.jpg\" alt=\"\" width=\"100\" height=\"83\" \/><\/em><\/strong><\/span><\/a><\/p>\n<p>&nbsp;<\/p>\n<p style=\"text-align: left; padding-left: 160px;\"><em><span style=\"font-family: helvetica, arial, sans-serif; color: #800000; font-size: 18pt;\"><strong>Szerver-Xeon<\/strong><\/span><\/em><\/p>\n<p>&nbsp;<\/p>\n<p style=\"padding-left: 100px;\"><a href=\"http:\/\/193.224.94.198:10000\" target=\"_blank\" rel=\"noopener\"><strong><span style=\"font-family: helvetica, arial, sans-serif;\"><img loading=\"lazy\" decoding=\"async\" class=\"size-full wp-image-53 alignleft\" src=\"https:\/\/uniqnet.hu\/new\/wp-content\/uploads\/2024\/04\/kamera-e1712912769783.jpg\" alt=\"\" width=\"100\" height=\"83\" \/><\/span><\/strong><\/a><\/p>\n<p>&nbsp;<\/p>\n<p style=\"padding-left: 160px;\"><em><span style=\"font-size: 18pt;\"><span style=\"color: #800000;\"><strong><span style=\"font-family: helvetica, arial, sans-serif;\">Szerver-I7<\/span><\/strong><\/span><\/span><\/em><\/p>\n<p>&nbsp;<\/p>\n","protected":false},"excerpt":{"rendered":"<p>\u00a0KAMERARENDSZEREK\u00a0TELEP\u00cdT\u00c9SE, \u00dcZEMELTET\u00c9SE A kamerak\u00e9pek bejelentkez\u00e9s\u00e9hez megtekint\u00e9s\u00e9hez kattintson a kamera k\u00e9p\u00e9re! &nbsp; Szerver-Xeon &nbsp; &nbsp; Szerver-I7 &nbsp;<\/p>\n","protected":false},"author":1,"featured_media":0,"parent":0,"menu_order":0,"comment_status":"closed","ping_status":"closed","template":"","meta":{"footnotes":""},"class_list":["post-88","page","type-page","status-publish","hentry"],"_links":{"self":[{"href":"https:\/\/uniqnet.hu\/new\/wp-json\/wp\/v2\/pages\/88","targetHints":{"allow":["GET"]}}],"collection":[{"href":"https:\/\/uniqnet.hu\/new\/wp-json\/wp\/v2\/pages"}],"about":[{"href":"https:\/\/uniqnet.hu\/new\/wp-json\/wp\/v2\/types\/page"}],"author":[{"embeddable":true,"href":"https:\/\/uniqnet.hu\/new\/wp-json\/wp\/v2\/users\/1"}],"replies":[{"embeddable":true,"href":"https:\/\/uniqnet.hu\/new\/wp-json\/wp\/v2\/comments?post=88"}],"version-history":[{"count":25,"href":"https:\/\/uniqnet.hu\/new\/wp-json\/wp\/v2\/pages\/88\/revisions"}],"predecessor-version":[{"id":114,"href":"https:\/\/uniqnet.hu\/new\/wp-json\/wp\/v2\/pages\/88\/revisions\/114"}],"wp:attachment":[{"href":"https:\/\/uniqnet.hu\/new\/wp-json\/wp\/v2\/media?parent=88"}],"curies":[{"name":"wp","href":"https:\/\/api.w.org\/{rel}","templated":true}]}}