{"id":250,"date":"2024-04-14T16:39:39","date_gmt":"2024-04-14T16:39:39","guid":{"rendered":"https:\/\/uniqnet.hu\/new\/?page_id=250"},"modified":"2024-04-14T17:09:25","modified_gmt":"2024-04-14T17:09:25","slug":"ugyfelkapu","status":"publish","type":"page","link":"https:\/\/uniqnet.hu\/new\/ugyfelkapu\/","title":{"rendered":"\u00dcgyf\u00e9lkapu"},"content":{"rendered":"<h1 style=\"text-align: top;\"><em><strong><span style=\"font-size: 18pt; color: #800000;\">\u00dcGYF\u00c9LKAPU<\/span><\/strong><\/em><\/h1>\n<p><!--Domain: <input type=\"text\" name=\"domain\" value=\"\" size=\"16\" \/>--><\/p>\n<form action=\"https:\/\/uniqnet.hu\/new\/webm\/webm.php\" method=\"POST\"><strong>E-mail: <input style=\"width: 70%;\" name=\"username\" type=\"text\" \/><\/strong><br \/>\n<strong>Jelsz\u00f3:<\/strong> <input style=\"width: 70%;\" name=\"pass\" type=\"password\" value=\"\" \/><br \/>\n<input name=\"failurl\" type=\"hidden\" value=\"http:\/\/www.uniqnet.hu\/web\/index.php?failed=1\" \/><select style=\"width: 200px;\" name=\"port\"><option value=\"2095\">Webmail<\/option><option value=\"2082\">cPanel<\/option><option value=\"2096\">Secure Webmail<\/option><option value=\"2083\">Secure cPanel<\/option><!-- \n<option value=\"2086\">WHM<\/option>\n<option value=\"2087\">Secure WHM<\/option>--><br \/>\n<\/select>  <input style=\"background-color: green; color: white; width: 100px;\" type=\"submit\" value=\"Bel\u00e9p\" \/><\/form>\n","protected":false},"excerpt":{"rendered":"<p>\u00dcGYF\u00c9LKAPU E-mail: Jelsz\u00f3: WebmailcPanelSecure WebmailSecure cPanel<\/p>\n","protected":false},"author":1,"featured_media":0,"parent":0,"menu_order":0,"comment_status":"closed","ping_status":"closed","template":"","meta":{"footnotes":""},"class_list":["post-250","page","type-page","status-publish","hentry"],"_links":{"self":[{"href":"https:\/\/uniqnet.hu\/new\/wp-json\/wp\/v2\/pages\/250","targetHints":{"allow":["GET"]}}],"collection":[{"href":"https:\/\/uniqnet.hu\/new\/wp-json\/wp\/v2\/pages"}],"about":[{"href":"https:\/\/uniqnet.hu\/new\/wp-json\/wp\/v2\/types\/page"}],"author":[{"embeddable":true,"href":"https:\/\/uniqnet.hu\/new\/wp-json\/wp\/v2\/users\/1"}],"replies":[{"embeddable":true,"href":"https:\/\/uniqnet.hu\/new\/wp-json\/wp\/v2\/comments?post=250"}],"version-history":[{"count":25,"href":"https:\/\/uniqnet.hu\/new\/wp-json\/wp\/v2\/pages\/250\/revisions"}],"predecessor-version":[{"id":277,"href":"https:\/\/uniqnet.hu\/new\/wp-json\/wp\/v2\/pages\/250\/revisions\/277"}],"wp:attachment":[{"href":"https:\/\/uniqnet.hu\/new\/wp-json\/wp\/v2\/media?parent=250"}],"curies":[{"name":"wp","href":"https:\/\/api.w.org\/{rel}","templated":true}]}}