{"id":149,"date":"2024-04-12T11:33:40","date_gmt":"2024-04-12T11:33:40","guid":{"rendered":"https:\/\/uniqnet.hu\/new\/?page_id=149"},"modified":"2024-04-12T15:26:38","modified_gmt":"2024-04-12T15:26:38","slug":"cimke-es-etikett-ertekesites","status":"publish","type":"page","link":"https:\/\/uniqnet.hu\/new\/cimke-es-etikett-ertekesites\/","title":{"rendered":"C\u00edmke \u00e9s etikett \u00e9rt\u00e9kes\u00edt\u00e9s"},"content":{"rendered":"<h1><em><strong><span style=\"color: #800000;\">C\u00cdMKE \u00c9S ETIKETT \u00c9RT\u00c9KES\u00cdT\u00c9S<\/span><\/strong><\/em><\/h1>\n<p><span style=\"color: #000000;\"><img loading=\"lazy\" decoding=\"async\" class=\"size-medium wp-image-218 alignright\" src=\"https:\/\/uniqnet.hu\/new\/wp-content\/uploads\/2024\/04\/etikett-300x140.png\" alt=\"\" width=\"300\" height=\"140\" srcset=\"https:\/\/uniqnet.hu\/new\/wp-content\/uploads\/2024\/04\/etikett-300x140.png 300w, https:\/\/uniqnet.hu\/new\/wp-content\/uploads\/2024\/04\/etikett.png 666w\" sizes=\"auto, (max-width: 300px) 100vw, 300px\" \/><span style=\"font-family: tahoma, arial, helvetica, sans-serif; font-size: 14pt;\">Vonalk\u00f3dos kell\u00e9kanyagokat a legk\u00fcl\u00f6nb\u00f6z\u0151bb m\u00e9retben \u00e9s alapanyagban k\u00e9sz\u00edt\u00fcnk. Bizonyos m\u00e9reteket rakt\u00e1rrol tudunk adni, az egyedi ig\u00e9nyeket viszonylag gyors hat\u00e1r\u00edd\u0151vel tudjuk teljes\u00edteni. Pap\u00edr, termo, m\u0171anyag, t\u00e9phetetlen pap\u00edr, biztons\u00e1gi etikett nem akad\u00e1ly! Csak adja meg a sz\u00fcks\u00e9ges param\u00e9tereket, s aj\u00e1nlatunkat r\u00f6videsen megk\u00fcld\u00fck. Az etiketthez a m\u00e9retben hozz\u00e1 ill\u0151 fest\u00e9kszalagot is biztos\u00edtjuk, altal\u00e1ban fekete sz\u00ednben, de lehet\u0151s\u00e9g van piros, z\u00f6ld, k\u00e9k fest\u00e9kszalagok sz\u00e1ll\u00edt\u00e1s\u00e1ra is!<\/span><\/span><\/p>\n<hr \/>\n<p><span style=\"color: #800000; font-family: tahoma, arial, helvetica, sans-serif;\"><strong>-Hogyan v\u00e1lasszunk etikettet?<\/strong><\/span><\/p>\n<p><span style=\"color: #800000; font-family: tahoma, arial, helvetica, sans-serif;\"><strong>-Milyen fel\u00fcletre ker\u00fcl a c\u00edmke?<\/strong><\/span><\/p>\n<ul>\n<li><span style=\"color: #000000; font-family: tahoma, arial, helvetica, sans-serif;\">a felhaszn\u00e1l\u00e1s k\u00f6rnyezete (irodai, ipari, k\u00fclt\u00e9ri)<\/span><\/li>\n<li><span style=\"color: #000000; font-family: tahoma, arial, helvetica, sans-serif;\">a leolvas\u00e1s t\u00e1vols\u00e1ga,<\/span><\/li>\n<li><span style=\"font-family: tahoma, arial, helvetica, sans-serif;\"><span style=\"color: #000000;\">az olvas\u00f3 kapacit\u00e1sa<\/span><img loading=\"lazy\" decoding=\"async\" class=\"wp-image-219 alignright\" style=\"font-size: 1rem;\" src=\"https:\/\/uniqnet.hu\/new\/wp-content\/uploads\/2024\/04\/vonalkod-300x200.jpg\" alt=\"\" width=\"266\" height=\"177\" srcset=\"https:\/\/uniqnet.hu\/new\/wp-content\/uploads\/2024\/04\/vonalkod-300x200.jpg 300w, https:\/\/uniqnet.hu\/new\/wp-content\/uploads\/2024\/04\/vonalkod-768x512.jpg 768w, https:\/\/uniqnet.hu\/new\/wp-content\/uploads\/2024\/04\/vonalkod.jpg 800w\" sizes=\"auto, (max-width: 266px) 100vw, 266px\" \/><\/span><\/li>\n<li><span style=\"color: #000000; font-family: tahoma, arial, helvetica, sans-serif;\">c\u00edmke sz\u00fcks\u00e9ges \u00e9s el\u00e9gs\u00e9ges m\u00e9rete (a rajta szerepl\u0151 inform\u00e1ci\u00f3 mennyis\u00e9g\u00e9t\u0151l f\u00fcgg)<\/span><\/li>\n<li><span style=\"color: #000000; font-family: tahoma, arial, helvetica, sans-serif;\">gazdas\u00e1gos m\u00e9retek<\/span><\/li>\n<li><span style=\"color: #000000; font-family: tahoma, arial, helvetica, sans-serif;\">a rendel\u00e9s v\u00e1rhat\u00f3 gyakoris\u00e1ga<\/span><\/li>\n<li><span style=\"color: #000000; font-family: tahoma, arial, helvetica, sans-serif;\">a c\u00edmke haszn\u00e1lati ideje (mennyire legyen tart\u00f3s)<\/span><\/li>\n<li><span style=\"color: #000000; font-family: tahoma, arial, helvetica, sans-serif;\">az etiketten l\u00e9v\u0151 ragaszt\u00f3 k\u00edv\u00e1nt er\u0151ss\u00e9ge<\/span><\/li>\n<li><span style=\"color: #000000; font-family: tahoma, arial, helvetica, sans-serif;\">biztons\u00e1gi k\u00f6vetelm\u00e9nyek (m\u00e1sol\u00e1s, let\u00e9p\u00e9s ellen)<\/span><\/li>\n<\/ul>\n<p><span style=\"color: #000000; font-family: tahoma, arial, helvetica, sans-serif;\">Versenyk\u00e9pes piaci \u00e1ron, megb\u00edzhat\u00f3 min\u0151s\u00e9gben \u00e9s gyors teljes\u00edt\u00e9ssel v\u00e1llaljuk az etikett b\u00e9rnyomtat\u00e1s\u00e1t, k\u00fcl\u00f6nleges k\u00f6rnyezeti hat\u00e1soknak ellen\u00e1ll\u00f3 etikettek nyomtat\u00e1s\u00e1t, kiemelt biztons\u00e1g\u00fa c\u00edmk\u00e9k (pl: perfor\u00e1ci\u00f3), rajtsz\u00e1mok gy\u00e1rt\u00e1s\u00e1t.<\/span><\/p>\n<p><span style=\"color: #800000; font-family: tahoma, arial, helvetica, sans-serif;\"><strong>A vonalk\u00f3d c\u00edmke alapanyaga lehet :<\/strong><\/span><\/p>\n<ul>\n<li><span style=\"color: #000000; font-family: tahoma, arial, helvetica, sans-serif;\">pap\u00edr: fest\u00e9kszalaggal nyomtathat\u00f3, k\u00fcls\u0151 hat\u00e1sokkal szemben nem ellen\u00e1ll\u00f3<\/span><\/li>\n<li><span style=\"color: #000000; font-family: tahoma, arial, helvetica, sans-serif;\">thermo: nem kell hozz\u00e1 fest\u00e9kszalag, f\u00e9nyre, h\u0151re \u00e9rz\u00e9keny, az adatokat kb. 1 \u00e9vig \u0151rzi meg<\/span><\/li>\n<li><span style=\"color: #000000; font-family: tahoma, arial, helvetica, sans-serif;\">m\u0171anyag: t\u00f6bb \u00e9vig t\u00e1rolhat\u00f3, ellen\u00e1ll d\u00f6rzs\u00f6l\u00e9snek, k\u00e9miai hat\u00e1soknak<\/span><\/li>\n<li><span style=\"color: #000000; font-family: tahoma, arial, helvetica, sans-serif;\">TYWEC: nem t\u00e9phet\u0151, id\u0151j\u00e1r\u00e1s hat\u00e1saival szemben ellen\u00e1ll\u00f3<\/span><\/li>\n<li><span style=\"color: #000000; font-family: tahoma, arial, helvetica, sans-serif;\">Egy\u00e9b: karton, chrom, sz\u00f6vet, perfor\u00e1lt anyagok<\/span><\/li>\n<\/ul>\n<hr \/>\n<p><span style=\"color: #800000; font-family: tahoma, arial, helvetica, sans-serif;\"><strong>Fest\u00e9kszalagok:<\/strong><\/span><\/p>\n<p><span style=\"font-family: tahoma, arial, helvetica, sans-serif;\"><img loading=\"lazy\" decoding=\"async\" class=\"wp-image-221 alignright\" style=\"color: #000000;\" src=\"https:\/\/uniqnet.hu\/new\/wp-content\/uploads\/2024\/04\/vonalkod-festekszalag-300x233.jpg\" alt=\"\" width=\"266\" height=\"207\" srcset=\"https:\/\/uniqnet.hu\/new\/wp-content\/uploads\/2024\/04\/vonalkod-festekszalag-300x233.jpg 300w, https:\/\/uniqnet.hu\/new\/wp-content\/uploads\/2024\/04\/vonalkod-festekszalag.jpg 336w\" sizes=\"auto, (max-width: 266px) 100vw, 266px\" \/><\/span><\/p>\n<p><span style=\"color: #000000; font-size: 1rem; font-family: tahoma, arial, helvetica, sans-serif;\">kiv\u00e1laszt\u00e1sa a c\u00edmke alapanyag\u00e1t\u00f3l \u00e9s a felhaszn\u00e1l\u00e1s k\u00f6r\u00fclm\u00e9nyeit\u0151l f\u00fcgg.<\/span><\/p>\n<ul>\n<li><span style=\"color: #000000; font-family: tahoma, arial, helvetica, sans-serif;\">Pap\u00edrhoz \u2026\u2026\u2026\u2026\u2026\u2026\u2026\u2026wax<\/span><\/li>\n<li><span style=\"color: #000000; font-family: tahoma, arial, helvetica, sans-serif;\" data-wp-editing=\"1\">pap\u00edrhoz, ill. m\u0171anyaghoz\u2026 wax\/resin<\/span><\/li>\n<li><span style=\"color: #000000; font-family: tahoma, arial, helvetica, sans-serif;\">m\u0171anyaghoz\u2026\u2026\u2026\u2026\u2026\u2026 resin<\/span><\/li>\n<li><span style=\"color: #000000; font-family: tahoma, arial, helvetica, sans-serif;\">tekercsel\u00e9se: k\u00fcls\u0151 vagy bels\u0151<\/span><\/li>\n<li><span style=\"color: #000000; font-family: tahoma, arial, helvetica, sans-serif;\">fekete vagy sz\u00ednes (korl\u00e1tozott sz\u00ednv\u00e1laszt\u00e9k)<\/span><\/li>\n<\/ul>\n<p class=\"lablec\" align=\"center\">\n","protected":false},"excerpt":{"rendered":"<p>C\u00cdMKE \u00c9S ETIKETT \u00c9RT\u00c9KES\u00cdT\u00c9S Vonalk\u00f3dos kell\u00e9kanyagokat a legk\u00fcl\u00f6nb\u00f6z\u0151bb m\u00e9retben \u00e9s alapanyagban k\u00e9sz\u00edt\u00fcnk. Bizonyos m\u00e9reteket rakt\u00e1rrol tudunk adni, az egyedi ig\u00e9nyeket viszonylag gyors hat\u00e1r\u00edd\u0151vel tudjuk teljes\u00edteni. Pap\u00edr, termo, m\u0171anyag, t\u00e9phetetlen pap\u00edr, biztons\u00e1gi etikett nem akad\u00e1ly! Csak adja meg a sz\u00fcks\u00e9ges param\u00e9tereket, s aj\u00e1nlatunkat r\u00f6videsen megk\u00fcld\u00fck. Az etiketthez a m\u00e9retben hozz\u00e1 ill\u0151 fest\u00e9kszalagot is biztos\u00edtjuk, altal\u00e1ban fekete [&hellip;]<\/p>\n","protected":false},"author":1,"featured_media":0,"parent":0,"menu_order":0,"comment_status":"closed","ping_status":"closed","template":"","meta":{"footnotes":""},"class_list":["post-149","page","type-page","status-publish","hentry"],"_links":{"self":[{"href":"https:\/\/uniqnet.hu\/new\/wp-json\/wp\/v2\/pages\/149","targetHints":{"allow":["GET"]}}],"collection":[{"href":"https:\/\/uniqnet.hu\/new\/wp-json\/wp\/v2\/pages"}],"about":[{"href":"https:\/\/uniqnet.hu\/new\/wp-json\/wp\/v2\/types\/page"}],"author":[{"embeddable":true,"href":"https:\/\/uniqnet.hu\/new\/wp-json\/wp\/v2\/users\/1"}],"replies":[{"embeddable":true,"href":"https:\/\/uniqnet.hu\/new\/wp-json\/wp\/v2\/comments?post=149"}],"version-history":[{"count":9,"href":"https:\/\/uniqnet.hu\/new\/wp-json\/wp\/v2\/pages\/149\/revisions"}],"predecessor-version":[{"id":226,"href":"https:\/\/uniqnet.hu\/new\/wp-json\/wp\/v2\/pages\/149\/revisions\/226"}],"wp:attachment":[{"href":"https:\/\/uniqnet.hu\/new\/wp-json\/wp\/v2\/media?parent=149"}],"curies":[{"name":"wp","href":"https:\/\/api.w.org\/{rel}","templated":true}]}}