{"id":106,"date":"2024-04-12T08:13:44","date_gmt":"2024-04-12T08:13:44","guid":{"rendered":"https:\/\/uniqnet.hu\/new\/?page_id=106"},"modified":"2024-04-12T12:49:06","modified_gmt":"2024-04-12T12:49:06","slug":"elerhetoseg","status":"publish","type":"page","link":"https:\/\/uniqnet.hu\/new\/elerhetoseg\/","title":{"rendered":"El\u00e9rhet\u0151s\u00e9g"},"content":{"rendered":"<h1><span style=\"color: #800000;\"><em><strong>EL\u00c9RHET\u0150S\u00c9G<\/strong><\/em><\/span><\/h1>\r\n<p>&nbsp;<\/p>\r\n\r\n<p style=\"text-align: left;\"><span style=\"color: #ff9900;\"><em><span style=\"font-family: tahoma, arial, helvetica, sans-serif; font-size: 18pt;\">Uniq Net Informatikai Kft.<\/span><\/em><\/span><\/p>\r\n<p style=\"text-align: left;\"><span style=\"font-family: tahoma, arial, helvetica, sans-serif;\">\r\n\r\n<\/span><\/p>\r\n<p style=\"text-align: left;\"><span style=\"font-family: tahoma, arial, helvetica, sans-serif; color: #000000;\"><strong>C\u00edm:<\/strong> 9024 Gy\u0151r, T\u00f6lt\u00e9s u. 11\/A<\/span><\/p>\r\n<p style=\"text-align: left;\"><span style=\"font-family: tahoma, arial, helvetica, sans-serif; color: #000000;\"><strong>Telefon:<\/strong> +36309791190<\/span><\/p>\r\n<p style=\"text-align: left;\"><span style=\"font-family: tahoma, arial, helvetica, sans-serif; color: #000000;\"><strong>Email:<\/strong> <a style=\"color: #000000;\" href=\"mailto:info@uniqnet.hu\" target=\"_blank\" rel=\"noopener\">info@uniqnet.hu<\/a><\/span><\/p>\r\n","protected":false},"excerpt":{"rendered":"<p>EL\u00c9RHET\u0150S\u00c9G &nbsp; Uniq Net Informatikai Kft. C\u00edm: 9024 Gy\u0151r, T\u00f6lt\u00e9s u. 11\/A Telefon: +36309791190 Email: info@uniqnet.hu<\/p>\n","protected":false},"author":1,"featured_media":0,"parent":0,"menu_order":0,"comment_status":"closed","ping_status":"closed","template":"","meta":{"footnotes":""},"class_list":["post-106","page","type-page","status-publish","hentry"],"_links":{"self":[{"href":"https:\/\/uniqnet.hu\/new\/wp-json\/wp\/v2\/pages\/106","targetHints":{"allow":["GET"]}}],"collection":[{"href":"https:\/\/uniqnet.hu\/new\/wp-json\/wp\/v2\/pages"}],"about":[{"href":"https:\/\/uniqnet.hu\/new\/wp-json\/wp\/v2\/types\/page"}],"author":[{"embeddable":true,"href":"https:\/\/uniqnet.hu\/new\/wp-json\/wp\/v2\/users\/1"}],"replies":[{"embeddable":true,"href":"https:\/\/uniqnet.hu\/new\/wp-json\/wp\/v2\/comments?post=106"}],"version-history":[{"count":8,"href":"https:\/\/uniqnet.hu\/new\/wp-json\/wp\/v2\/pages\/106\/revisions"}],"predecessor-version":[{"id":192,"href":"https:\/\/uniqnet.hu\/new\/wp-json\/wp\/v2\/pages\/106\/revisions\/192"}],"wp:attachment":[{"href":"https:\/\/uniqnet.hu\/new\/wp-json\/wp\/v2\/media?parent=106"}],"curies":[{"name":"wp","href":"https:\/\/api.w.org\/{rel}","templated":true}]}}