{"id":102,"date":"2024-04-12T08:13:19","date_gmt":"2024-04-12T08:13:19","guid":{"rendered":"https:\/\/uniqnet.hu\/new\/?page_id=102"},"modified":"2024-04-15T11:55:44","modified_gmt":"2024-04-15T11:55:44","slug":"rendszergazdai-munkak","status":"publish","type":"page","link":"https:\/\/uniqnet.hu\/new\/rendszergazdai-munkak\/","title":{"rendered":"Rendszergazdai munk\u00e1k"},"content":{"rendered":"<h1><span style=\"color: #800000;\"><em><strong>RENDSZERGAZDAI MUNK\u00c1K<\/strong><\/em><\/span><\/h1>\n<p><span style=\"font-family: tahoma, arial, helvetica, sans-serif; font-size: 12pt; color: #000000;\"><img loading=\"lazy\" decoding=\"async\" class=\"wp-image-12 alignnone\" src=\"https:\/\/uniqnet.hu\/new\/wp-content\/uploads\/2024\/04\/business-300x174.png\" alt=\"\" width=\"300\" height=\"174\" srcset=\"https:\/\/uniqnet.hu\/new\/wp-content\/uploads\/2024\/04\/business-300x174.png 300w, https:\/\/uniqnet.hu\/new\/wp-content\/uploads\/2024\/04\/business.png 640w\" sizes=\"auto, (max-width: 300px) 100vw, 300px\" \/><\/span><\/p>\n<p><span style=\"font-family: tahoma, arial, helvetica, sans-serif; font-size: 12pt; color: #000000;\"><span style=\"font-size: 14pt;\">Ezt a szolg\u00e1ltat\u00e1st azon kis- \u00e9s k\u00f6z\u00e9pv\u00e1llalatoknak, k\u00f6lts\u00e9gvet\u00e9si int\u00e9zm\u00e9nyeknek aj\u00e1nljuk, ahol nem rendelkeznek, vagy nem akarnak alkalmazni f\u0151\u00e1ll\u00e1s\u00fa informatikust, vagy nincs sz\u00fcks\u00e9g teljes munkaid\u0151s rendszergazda jelenl\u00e9t\u00e9re.<\/span><\/span><\/p>\n<p><span style=\"color: #800000;\"><strong>C\u00e9g\u00fcnk a k\u00f6vetkez\u0151ket biztos\u00edtja szerz\u0151d\u00e9ses partnereinek:<\/strong><\/span><\/p>\n<ul>\n<li><span style=\"font-family: tahoma, arial, helvetica, sans-serif; color: #000000;\">Szerver\u00fczemeltet\u00e9s, rendszerfel\u00fcgyelet,<\/span><\/li>\n<li><span style=\"font-family: tahoma, arial, helvetica, sans-serif; color: #000000;\">Munka\u00e1llom\u00e1sok \u00fczemeltet\u00e9se, fel\u00fcgyelete,<\/span><\/li>\n<li><span style=\"font-family: tahoma, arial, helvetica, sans-serif; color: #000000;\">H\u00e1l\u00f3zat\u00fczemeltet\u00e9s,<\/span><\/li>\n<li><span style=\"font-family: tahoma, arial, helvetica, sans-serif; color: #000000;\">Internet kapcsolatok, e-mail el\u00e9r\u00e9sek kezel\u00e9se,<\/span><\/li>\n<li><span style=\"font-family: tahoma, arial, helvetica, sans-serif; color: #000000;\">Sz\u00e1m\u00edt\u00f3g\u00e9pekhez tartoz\u00f3 oper\u00e1ci\u00f3s rendszerek karbantart\u00e1sa, friss\u00edt\u00e9se, telep\u00edt\u00e9se,<\/span><\/li>\n<li><span style=\"font-family: tahoma, arial, helvetica, sans-serif; color: #000000;\">Teljes hardver \u00e9s szoftver\u00fczemeltet\u00e9s, rendszergazdai feladatok ell\u00e1t\u00e1sa, karbantart\u00e1s,<\/span><\/li>\n<li><span style=\"font-family: tahoma, arial, helvetica, sans-serif; color: #000000;\">Nyomtat\u00f3k, monitorok \u00e9s egy\u00e9b perif\u00e9ri\u00e1k karbantart\u00e1sa,<\/span><\/li>\n<li><span style=\"font-family: tahoma, arial, helvetica, sans-serif; color: #000000;\">Felhaszn\u00e1l\u00f3k t\u00e1mogat\u00e1sa,<\/span><\/li>\n<li><span style=\"font-family: tahoma, arial, helvetica, sans-serif; color: #000000;\">Alkatr\u00e9szek, cserealkatr\u00e9szek biztos\u00edt\u00e1sa (megbesz\u00e9l\u00e9s szerint),<\/span><\/li>\n<li><span style=\"font-family: tahoma, arial, helvetica, sans-serif; color: #000000;\">Kell\u00e9kanyagok (tonerek, tintapatronok), irodatechnikai anyagok beszerz\u00e9se \u00e9s sz\u00e1ll\u00edt\u00e1sa,<\/span><\/li>\n<li><span style=\"font-family: tahoma, arial, helvetica, sans-serif; color: #000000;\">Garanci\u00e1lis \u00e9s egy\u00e9b szerviz h\u00e1tt\u00e9r biztos\u00edt\u00e1sa, \u00fcgyint\u00e9z\u00e9se,<\/span><\/li>\n<li><span style=\"font-family: tahoma, arial, helvetica, sans-serif; color: #000000;\">Kapcsolattart\u00e1s egy\u00e9b szolg\u00e1ltat\u00f3kkal, \u00fcgyint\u00e9z\u00e9s,<\/span><\/li>\n<li><span style=\"font-family: tahoma, arial, helvetica, sans-serif; color: #000000;\">Hardver \u00e9s szoftver beszerz\u00e9s, kedvez\u0151 \u00e1rakon,<\/span><\/li>\n<li><span style=\"font-family: tahoma, arial, helvetica, sans-serif; color: #000000;\">Szaktan\u00e1csad\u00e1s, telefonos seg\u00edts\u00e9gny\u00fajt\u00e1s,<\/span><\/li>\n<li><span style=\"font-family: tahoma, arial, helvetica, sans-serif; color: #000000;\">Online helpdesk<\/span><\/li>\n<\/ul>\n","protected":false},"excerpt":{"rendered":"<p>RENDSZERGAZDAI MUNK\u00c1K Ezt a szolg\u00e1ltat\u00e1st azon kis- \u00e9s k\u00f6z\u00e9pv\u00e1llalatoknak, k\u00f6lts\u00e9gvet\u00e9si int\u00e9zm\u00e9nyeknek aj\u00e1nljuk, ahol nem rendelkeznek, vagy nem akarnak alkalmazni f\u0151\u00e1ll\u00e1s\u00fa informatikust, vagy nincs sz\u00fcks\u00e9g teljes munkaid\u0151s rendszergazda jelenl\u00e9t\u00e9re. C\u00e9g\u00fcnk a k\u00f6vetkez\u0151ket biztos\u00edtja szerz\u0151d\u00e9ses partnereinek: Szerver\u00fczemeltet\u00e9s, rendszerfel\u00fcgyelet, Munka\u00e1llom\u00e1sok \u00fczemeltet\u00e9se, fel\u00fcgyelete, H\u00e1l\u00f3zat\u00fczemeltet\u00e9s, Internet kapcsolatok, e-mail el\u00e9r\u00e9sek kezel\u00e9se, Sz\u00e1m\u00edt\u00f3g\u00e9pekhez tartoz\u00f3 oper\u00e1ci\u00f3s rendszerek karbantart\u00e1sa, friss\u00edt\u00e9se, telep\u00edt\u00e9se, Teljes hardver \u00e9s [&hellip;]<\/p>\n","protected":false},"author":1,"featured_media":0,"parent":0,"menu_order":0,"comment_status":"closed","ping_status":"closed","template":"","meta":{"footnotes":""},"class_list":["post-102","page","type-page","status-publish","hentry"],"_links":{"self":[{"href":"https:\/\/uniqnet.hu\/new\/wp-json\/wp\/v2\/pages\/102","targetHints":{"allow":["GET"]}}],"collection":[{"href":"https:\/\/uniqnet.hu\/new\/wp-json\/wp\/v2\/pages"}],"about":[{"href":"https:\/\/uniqnet.hu\/new\/wp-json\/wp\/v2\/types\/page"}],"author":[{"embeddable":true,"href":"https:\/\/uniqnet.hu\/new\/wp-json\/wp\/v2\/users\/1"}],"replies":[{"embeddable":true,"href":"https:\/\/uniqnet.hu\/new\/wp-json\/wp\/v2\/comments?post=102"}],"version-history":[{"count":10,"href":"https:\/\/uniqnet.hu\/new\/wp-json\/wp\/v2\/pages\/102\/revisions"}],"predecessor-version":[{"id":293,"href":"https:\/\/uniqnet.hu\/new\/wp-json\/wp\/v2\/pages\/102\/revisions\/293"}],"wp:attachment":[{"href":"https:\/\/uniqnet.hu\/new\/wp-json\/wp\/v2\/media?parent=102"}],"curies":[{"name":"wp","href":"https:\/\/api.w.org\/{rel}","templated":true}]}}